{"id":96,"date":"2024-05-04T22:55:58","date_gmt":"2024-05-04T22:55:58","guid":{"rendered":"https:\/\/candangofotoclube.com.br\/inicio\/?page_id=96"},"modified":"2025-01-10T00:42:25","modified_gmt":"2025-01-10T00:42:25","slug":"quem-somos","status":"publish","type":"page","link":"https:\/\/candangofotoclube.com.br\/inicio\/sample-page\/sample-page\/quem-somos\/","title":{"rendered":"Quem Somos"},"content":{"rendered":"<p>[et_pb_section fb_built=&#8221;1&#8243; _builder_version=&#8221;4.25.0&#8243; _module_preset=&#8221;default&#8221; global_colors_info=&#8221;{}&#8221;][et_pb_row _builder_version=&#8221;4.25.0&#8243; _module_preset=&#8221;default&#8221; global_colors_info=&#8221;{}&#8221;][et_pb_column type=&#8221;4_4&#8243; _builder_version=&#8221;4.25.0&#8243; _module_preset=&#8221;default&#8221; global_colors_info=&#8221;{}&#8221;][et_pb_text _builder_version=&#8221;4.25.0&#8243; _module_preset=&#8221;default&#8221; global_colors_info=&#8221;{}&#8221;]<\/p>\n<p>O Candango Fotoclube \u00e9 uma associa\u00e7\u00e3o de fot\u00f3grafos, amadores e profissionais, que garante sempre um ambiente de troca e m\u00fatuo aprendizado.<br \/>Entre as atividades do grupo, destacamos as sa\u00eddas fotogr\u00e1ficas, encontros e desafios mensais.<br \/>Como tamb\u00e9m \u00e9 um dos Fotoclubes Brasileiros que organiza o Brazilian International Photography Circuit, concurso internacional de fotografia pioneiro no Brasil desde 2023.<\/p>\n<p>O Candango Fotoclube \u00e9 uma associa\u00e7\u00e3o de fot\u00f3grafos de Bras\u00edlia (DF) fundada em 19 de outubro de 2006, com o objetivo de difundir a arte fotogr\u00e1fica e apoiar seu crescimento entre os seus associados e comunidade em geral, promovendo a integra\u00e7\u00e3o de fot\u00f3grafos amadores e profissionais que se dedicam \u00e0 fotografia independente.<\/p>\n<p>\u00a0O nome do \u201cCandango\u201d \u00e9 uma homenagem aos oper\u00e1rios vindos de outras regi\u00f5es do Pa\u00eds que ajudaram a construir Bras\u00edlia. Mas nos dias de hoje, as pessoas nascidas na Capital Federal s\u00e3o chamadas de brasilienses e muitas vezes tamb\u00e9m s\u00e3o chamadas de \u201ccandangos\u201d.<\/p>\n<p>O Candango Fotoclube \u00e9 afiliado \u00e0 Confedera\u00e7\u00e3o Brasileira de Fotografia \u2013\u00a0<a href=\"https:\/\/confoto.art.br\/\">Confoto<\/a>\u00a0que re\u00fane fotoclubes de todo o Brasil e promove tr\u00eas Bienais de Fotografia: Natureza, Cor e Preto &amp; Branco.<\/p>\n<p>Tamb\u00e9m faz parte da Rede de Produtores de Cultura no Brasil (REDE). A <a href=\"https:\/\/redefoto.org.br\/\">RPCFB<\/a>\u00a0constitui-se na integra\u00e7\u00e3o de autores e produtores culturais de diferentes estados brasileiros e o interc\u00e2mbio de experi\u00eancias exitosas no campo da fotografia.<\/p>\n<p>Temos uma agenda extensa de reuni\u00f5es para bate papo sobre fotografia, sa\u00eddas, excurs\u00f5es, workshops, ensaios de n\u00fa art\u00edstico, nos quais s\u00e3o disseminadas t\u00e9cnicas fotogr\u00e1ficas e promovida a integra\u00e7\u00e3o entre os participantes. Recentemente, foram implementados os \u201cDesafios Fotogr\u00e1ficos\u201d mensais, quando se busca conhecer os trabalhos dos colegas atrav\u00e9s da diversifica\u00e7\u00e3o de temas como natureza, aves, uso de programas de edi\u00e7\u00e3o, ilumina\u00e7\u00e3o e composi\u00e7\u00e3o.<\/p>\n<p>Importante salientar que o Candango Fotoclube \u00e9 um dos organizadores do 1 e 2st Brazilian Internacional Photographt <a href=\"https:\/\/www.braziliancircuit.com\/\">Circuit<\/a>, ano 2023 e 2024,\u00a0<a href=\"https:\/\/www.facebook.com\/brazilianphotography\/\">Facebook Circuito<\/a>,\u00a0<a href=\"https:\/\/www.instagram.com\/braziliancircuit\/\">Instagram Circuit<\/a>, juntamente com os fotoclubes paulistas das cidades de S\u00e3o Paulo \u2013\u00a0<a href=\"https:\/\/fotoclub.art.br\/\">Foto Cine Clube Bandeirante \u2013 FCCB<\/a>, Ribeir\u00e3o Preto \u2013\u00a0<a href=\"https:\/\/amigosdafotografia.com.br\/\">Amigos da Fotografia<\/a>, Amparo \u2013\u00a0<a href=\"https:\/\/cinefotoamparo.com.br\/\">Cine Foto Clube Amparo \u2013 CFCA<\/a>\u00a0e S\u00e3o Jos\u00e9 do Rio Preto\u00a0<a href=\"https:\/\/www.facebook.com\/fotocluberiopretoebranco\/\">Fotoclube S\u00e3o Jos\u00e9 do Rio Preto<\/a>, conta tamb\u00e9m com o 2st Internacional Salon of Photography Art of Bras\u00edlia 2024. A Exposi\u00e7\u00e3o Fotogr\u00e1fica ser\u00e1 na Espa\u00e7o Renato Russo em Bras\u00edlia\u00a0<a href=\"https:\/\/espacoculturalrenatorusso.com.br\/\">Espa\u00e7o Renato Russo<\/a>\u00a0no per\u00edodo de 26\/09 a 10\/11\/2024. Assim, convidamos a todos para apreciar as imagens selecionadas e premiadas nos cinco sal\u00f5es fotogr\u00e1ficos brasileiros.<\/p>\n<p>\u00a0No \u201cfacebook\u201d, estamos no endere\u00e7o:\u00a0<a href=\"https:\/\/www.facebook.com\/groups\/candangofotoclube\/\">https:\/\/www.facebook.com\/groups\/candangofotoclube\/<\/a>.<\/p>\n<p>\u00a0No Instagram, estamos no endere\u00e7o:\u00a0<a href=\"https:\/\/www.instagram.com\/candangofotoclube\/\">Candango Fotoclube<\/a>.<\/p>\n<p>Conhe\u00e7a nosso\u00a0<a href=\"https:\/\/candangofotoclube.com.br\/estatuto.zip\">Estatuto<\/a><\/p>\n<p>Gostou? Quer ser um associado? Veja\u00a0<a>como participar!<\/a><\/p>\n<p><strong>Dados Oficiiais:\u00a0<\/strong><\/p>\n<blockquote>\n<p><strong>CNPJ: \u00a014.207.884\/0001-64\u00a0<\/strong><\/p>\n<p><strong>Endere\u00e7o : SQN 214 Bloco B Apto 414 Asa Norte \u2013 Bras\u00edlia \u2013 DF<\/strong><br \/><strong>CEP: 70873-02<\/strong><\/p>\n<\/blockquote>\n<p>[\/et_pb_text][et_pb_button button_url=&#8221;https:\/\/ln5.sync.com\/dl\/e503720c0#ykcxrkt9-4xr9u8ev-uppmfsg7-ntyvhpiv&#8221; url_new_window=&#8221;on&#8221; button_text=&#8221;Clique aqui para baixar nosso estatuto&#8221; _builder_version=&#8221;4.27.4&#8243; _module_preset=&#8221;default&#8221; hover_enabled=&#8221;0&#8243; global_colors_info=&#8221;{}&#8221; sticky_enabled=&#8221;0&#8243;][\/et_pb_button][\/et_pb_column][\/et_pb_row][et_pb_row _builder_version=&#8221;4.25.1&#8243; _module_preset=&#8221;default&#8221; global_colors_info=&#8221;{}&#8221;][et_pb_column type=&#8221;4_4&#8243; _builder_version=&#8221;4.25.1&#8243; _module_preset=&#8221;default&#8221; global_colors_info=&#8221;{}&#8221;][et_pb_image src=&#8221;https:\/\/candangofotoclube.com.br\/inicio\/wp-content\/uploads\/2024\/06\/Estatuto-Candango-Fev-2016-1-copy.pdf&#8221; title_text=&#8221;Estatuto Candango Fev 2016 1 copy&#8221; url=&#8221;https:\/\/ln5.sync.com\/dl\/65ce1bb00\/c9gsn5xx-3rjn6mzr-8aw5txad-nk79aafg&#8221; _builder_version=&#8221;4.25.1&#8243; _module_preset=&#8221;default&#8221; global_colors_info=&#8221;{}&#8221;][\/et_pb_image][\/et_pb_column][\/et_pb_row][\/et_pb_section][et_pb_section fb_built=&#8221;1&#8243; admin_label=&#8221;Call to Action&#8221; _builder_version=&#8221;4.23.1&#8243; _module_preset=&#8221;default&#8221; use_background_color_gradient=&#8221;on&#8221; background_color_gradient_stops=&#8221;rgba(0,0,0,0.75) 0%|rgba(0,0,0,0.75) 100%&#8221; background_color_gradient_overlays_image=&#8221;on&#8221; background_image=&#8221;https:\/\/candangofotoclube.com.br\/inicio\/wp-content\/uploads\/2024\/05\/0-894469fb-6709-42a6-acf9-3eee8d7ced1c-1920&#215;1080.jpg&#8221; custom_padding=&#8221;8vw||8vw||true|false&#8221; locked=&#8221;off&#8221; collapsed=&#8221;on&#8221; global_colors_info=&#8221;{%22gcid-36fd78a7-34bc-404d-873c-dafa34efaae5%22:%91%22button_text_color%22%93}&#8221;][et_pb_row _builder_version=&#8221;4.23.1&#8243; _module_preset=&#8221;5138c454-be54-4233-bd3b-f8e6a8747976&#8243; width=&#8221;70%&#8221; max_width=&#8221;none&#8221; global_colors_info=&#8221;{}&#8221;][et_pb_column type=&#8221;4_4&#8243; _builder_version=&#8221;4.17.6&#8243; _module_preset=&#8221;73121f80-a3ef-4484-8763-c3f18e3c56d2&#8243; global_colors_info=&#8221;{}&#8221;][et_pb_heading title=&#8221;Fa\u00e7a PArte do Candango Fotoclube&#8221; _builder_version=&#8221;4.24.2&#8243; _module_preset=&#8221;ddeb8c09-9078-4424-bc15-2efb6572e28e&#8221; title_font=&#8221;Cinzel|Cinzel_weight|||||||&#8221; title_text_align=&#8221;center&#8221; title_text_color=&#8221;#FFFFFF&#8221; title_font_size=&#8221;72px&#8221; title_line_height=&#8221;1.15em&#8221; title_font_size_tablet=&#8221;40px&#8221; title_font_size_phone=&#8221;24px&#8221; title_font_size_last_edited=&#8221;on|phone&#8221; global_colors_info=&#8221;{}&#8221;][\/et_pb_heading][et_pb_button button_url=&#8221;https:\/\/candangofotoclube.com.br\/inicio\/sample-page\/sample-page\/como-participar\/&#8221; button_text=&#8221;Filie-se agora!&#8221; button_alignment=&#8221;center&#8221; _builder_version=&#8221;4.25.1&#8243; _module_preset=&#8221;ab15fb74-61a3-43aa-96b3-41e09aeef654&#8243; custom_button=&#8221;on&#8221; button_text_size=&#8221;14px&#8221; button_text_color=&#8221;#003566&#8243; button_bg_color=&#8221;#FFFFFF&#8221; button_border_width=&#8221;0px&#8221; button_border_radius=&#8221;100px&#8221; button_font=&#8221;Fauna One|700|||||||&#8221; custom_padding=&#8221;12px|24px|12px|24px|true|true&#8221; locked=&#8221;off&#8221; global_colors_info=&#8221;{}&#8221;][\/et_pb_button][\/et_pb_column][\/et_pb_row][\/et_pb_section]<\/p>\n","protected":false},"excerpt":{"rendered":"<p>O Candango Fotoclube \u00e9 uma associa\u00e7\u00e3o de fot\u00f3grafos, amadores e profissionais, que garante sempre um ambiente de troca e m\u00fatuo aprendizado.Entre as atividades do grupo, destacamos as sa\u00eddas fotogr\u00e1ficas, encontros e desafios mensais.Como tamb\u00e9m \u00e9 um dos Fotoclubes Brasileiros que organiza o Brazilian International Photography Circuit, concurso internacional de fotografia pioneiro no Brasil desde 2023. [&hellip;]<\/p>\n","protected":false},"author":1,"featured_media":0,"parent":0,"menu_order":0,"comment_status":"closed","ping_status":"closed","template":"","meta":{"_et_pb_use_builder":"on","_et_pb_old_content":"","_et_gb_content_width":"1280","footnotes":""},"class_list":["post-96","page","type-page","status-publish","hentry"],"_links":{"self":[{"href":"https:\/\/candangofotoclube.com.br\/inicio\/sample-page\/sample-page\/wp-json\/wp\/v2\/pages\/96","targetHints":{"allow":["GET"]}}],"collection":[{"href":"https:\/\/candangofotoclube.com.br\/inicio\/sample-page\/sample-page\/wp-json\/wp\/v2\/pages"}],"about":[{"href":"https:\/\/candangofotoclube.com.br\/inicio\/sample-page\/sample-page\/wp-json\/wp\/v2\/types\/page"}],"author":[{"embeddable":true,"href":"https:\/\/candangofotoclube.com.br\/inicio\/sample-page\/sample-page\/wp-json\/wp\/v2\/users\/1"}],"replies":[{"embeddable":true,"href":"https:\/\/candangofotoclube.com.br\/inicio\/sample-page\/sample-page\/wp-json\/wp\/v2\/comments?post=96"}],"version-history":[{"count":17,"href":"https:\/\/candangofotoclube.com.br\/inicio\/sample-page\/sample-page\/wp-json\/wp\/v2\/pages\/96\/revisions"}],"predecessor-version":[{"id":1357,"href":"https:\/\/candangofotoclube.com.br\/inicio\/sample-page\/sample-page\/wp-json\/wp\/v2\/pages\/96\/revisions\/1357"}],"wp:attachment":[{"href":"https:\/\/candangofotoclube.com.br\/inicio\/sample-page\/sample-page\/wp-json\/wp\/v2\/media?parent=96"}],"curies":[{"name":"wp","href":"https:\/\/api.w.org\/{rel}","templated":true}]}}